{"id":6,"date":"2025-12-22T16:41:53","date_gmt":"2025-12-22T16:41:53","guid":{"rendered":"https:\/\/eligemecontinuamente.rkinformatika.online\/?page_id=6"},"modified":"2025-12-23T16:25:27","modified_gmt":"2025-12-23T16:25:27","slug":"contacto","status":"publish","type":"page","link":"https:\/\/eligemecontinuamente.com\/eu\/contacto\/","title":{"rendered":"Kontaktua"},"content":{"rendered":"\t\t<div data-elementor-type=\"wp-page\" data-elementor-id=\"6\" class=\"elementor elementor-6\" data-elementor-post-type=\"page\">\n\t\t\t\t<div class=\"elementor-element elementor-element-3c95ca5 e-con-full e-flex e-con e-parent\" data-id=\"3c95ca5\" data-element_type=\"container\" data-e-type=\"container\" data-settings=\"{&quot;background_background&quot;:&quot;classic&quot;}\">\n\t\t\t\t<\/div>\n\t\t<div class=\"elementor-element elementor-element-07bb465 e-flex e-con-boxed e-con e-parent\" data-id=\"07bb465\" data-element_type=\"container\" data-e-type=\"container\">\n\t\t\t\t\t<div class=\"e-con-inner\">\n\t\t<div class=\"elementor-element elementor-element-75b1589 e-con-full e-flex elementor-invisible e-con e-child\" data-id=\"75b1589\" data-element_type=\"container\" data-e-type=\"container\" data-settings=\"{&quot;background_background&quot;:&quot;classic&quot;,&quot;animation&quot;:&quot;fadeInLeft&quot;}\">\n\t\t\t\t<div class=\"elementor-element elementor-element-c1db956 elementor-widget elementor-widget-heading\" data-id=\"c1db956\" data-element_type=\"widget\" data-e-type=\"widget\" data-widget_type=\"heading.default\">\n\t\t\t\t\t<h6 class=\"elementor-heading-title elementor-size-default\">Cont\u00e1ctanos<\/h6>\t\t\t\t<\/div>\n\t\t\t\t<div class=\"elementor-element elementor-element-3596a10 elementor-widget__width-initial elementor-widget elementor-widget-text-editor\" data-id=\"3596a10\" data-element_type=\"widget\" data-e-type=\"widget\" data-widget_type=\"text-editor.default\">\n\t\t\t\t\t\t\t\t\t<p>Cont\u00e1ctanos para obtener ayuda o hacer comentarios.<\/p><p>Nuestro equipo est\u00e1 dedicado a mejorar tu experiencia.<\/p>\t\t\t\t\t\t\t\t<\/div>\n\t\t\t\t<\/div>\n\t\t<div class=\"elementor-element elementor-element-19dbd67 e-con-full e-flex e-con e-child\" data-id=\"19dbd67\" data-element_type=\"container\" data-e-type=\"container\">\n\t\t\t\t<div class=\"elementor-element elementor-element-99606d2 elementor-widget elementor-widget-heading\" data-id=\"99606d2\" data-element_type=\"widget\" data-e-type=\"widget\" data-widget_type=\"heading.default\">\n\t\t\t\t\t<h2 class=\"elementor-heading-title elementor-size-default\">\u00bfTienes un reto? Nosotros, la soluci\u00f3n.<a style=\"text-decoration: none;color: #5EA84A\" target=\"blank\"><\/a> <br><\/h2>\t\t\t\t<\/div>\n\t\t\t\t<div class=\"elementor-element elementor-element-8806a41 elementor-widget elementor-widget-text-editor\" data-id=\"8806a41\" data-element_type=\"widget\" data-e-type=\"widget\" data-widget_type=\"text-editor.default\">\n\t\t\t\t\t\t\t\t\t<p>Completa el formulario y te contactaremos muy pronto.<\/p>\t\t\t\t\t\t\t\t<\/div>\n\t\t\t\t<div class=\"elementor-element elementor-element-09bd103 elementor-button-align-start elementor-widget__width-initial elementor-widget elementor-widget-form\" data-id=\"09bd103\" data-element_type=\"widget\" data-e-type=\"widget\" data-settings=\"{&quot;button_width&quot;:&quot;50&quot;,&quot;step_next_label&quot;:&quot;Next&quot;,&quot;step_previous_label&quot;:&quot;Previous&quot;,&quot;step_type&quot;:&quot;number_text&quot;,&quot;step_icon_shape&quot;:&quot;circle&quot;}\" data-widget_type=\"form.default\">\n\t\t\t\t\t\t\t<form class=\"elementor-form\" method=\"post\" name=\"Contacto ContactoPage\" aria-label=\"Contacto ContactoPage\">\n\t\t\t<input type=\"hidden\" name=\"post_id\" value=\"6\"\/>\n\t\t\t<input type=\"hidden\" name=\"form_id\" value=\"09bd103\"\/>\n\t\t\t<input type=\"hidden\" name=\"referer_title\" value=\"Eligeme\" \/>\n\n\t\t\t\n\t\t\t<div class=\"elementor-form-fields-wrapper elementor-labels-\">\n\t\t\t\t\t\t\t\t<div class=\"elementor-field-type-text elementor-field-group elementor-column elementor-field-group-name elementor-col-100 elementor-field-required\">\n\t\t\t\t\t\t\t\t\t\t\t\t<label for=\"form-field-name\" class=\"elementor-field-label elementor-screen-only\">\n\t\t\t\t\t\t\t\tName\t\t\t\t\t\t\t<\/label>\n\t\t\t\t\t\t\t\t\t\t\t\t\t\t<input size=\"1\" type=\"text\" name=\"form_fields[name]\" id=\"form-field-name\" class=\"elementor-field elementor-size-sm  elementor-field-textual\" placeholder=\"Nombre\" required=\"required\">\n\t\t\t\t\t\t\t\t\t\t\t<\/div>\n\t\t\t\t\t\t\t\t<div class=\"elementor-field-type-email elementor-field-group elementor-column elementor-field-group-email elementor-col-33 elementor-field-required\">\n\t\t\t\t\t\t\t\t\t\t\t\t<label for=\"form-field-email\" class=\"elementor-field-label elementor-screen-only\">\n\t\t\t\t\t\t\t\tEmail\t\t\t\t\t\t\t<\/label>\n\t\t\t\t\t\t\t\t\t\t\t\t\t\t<input size=\"1\" type=\"email\" name=\"form_fields[email]\" id=\"form-field-email\" class=\"elementor-field elementor-size-sm  elementor-field-textual\" placeholder=\"Email\" required=\"required\">\n\t\t\t\t\t\t\t\t\t\t\t<\/div>\n\t\t\t\t\t\t\t\t<div class=\"elementor-field-type-tel elementor-field-group elementor-column elementor-field-group-movil elementor-col-33 elementor-field-required\">\n\t\t\t\t\t\t\t\t\t\t\t\t<label for=\"form-field-movil\" class=\"elementor-field-label elementor-screen-only\">\n\t\t\t\t\t\t\t\tM\u00f3vil\t\t\t\t\t\t\t<\/label>\n\t\t\t\t\t\t\t\t<input size=\"1\" type=\"tel\" name=\"form_fields[movil]\" id=\"form-field-movil\" class=\"elementor-field elementor-size-sm  elementor-field-textual\" placeholder=\"M\u00f3vil\" required=\"required\" pattern=\"[0-9()#&amp;+*-=.]+\" title=\"Only numbers and phone characters (#, -, *, etc) are accepted.\">\n\n\t\t\t\t\t\t<\/div>\n\t\t\t\t\t\t\t\t<div class=\"elementor-field-type-text elementor-field-group elementor-column elementor-field-group-field_176c31e elementor-col-33 elementor-field-required\">\n\t\t\t\t\t\t\t\t\t\t\t\t<label for=\"form-field-field_176c31e\" class=\"elementor-field-label elementor-screen-only\">\n\t\t\t\t\t\t\t\tTema\t\t\t\t\t\t\t<\/label>\n\t\t\t\t\t\t\t\t\t\t\t\t\t\t<input size=\"1\" type=\"text\" name=\"form_fields[field_176c31e]\" id=\"form-field-field_176c31e\" class=\"elementor-field elementor-size-sm  elementor-field-textual\" placeholder=\"Tema\" required=\"required\">\n\t\t\t\t\t\t\t\t\t\t\t<\/div>\n\t\t\t\t\t\t\t\t<div class=\"elementor-field-type-textarea elementor-field-group elementor-column elementor-field-group-field_5d08d9b elementor-col-100 elementor-field-required\">\n\t\t\t\t\t\t\t\t\t\t\t\t<label for=\"form-field-field_5d08d9b\" class=\"elementor-field-label elementor-screen-only\">\n\t\t\t\t\t\t\t\tMensaje\t\t\t\t\t\t\t<\/label>\n\t\t\t\t\t\t<textarea class=\"elementor-field-textual elementor-field  elementor-size-sm\" name=\"form_fields[field_5d08d9b]\" id=\"form-field-field_5d08d9b\" rows=\"4\" placeholder=\"Mensaje\" required=\"required\"><\/textarea>\t\t\t\t<\/div>\n\t\t\t\t\t\t\t\t<div class=\"elementor-field-type-checkbox elementor-field-group elementor-column elementor-field-group-field_5de6374 elementor-col-100\">\n\t\t\t\t\t\t\t\t\t\t\t\t<label for=\"form-field-field_5de6374\" class=\"elementor-field-label elementor-screen-only\">\n\t\t\t\t\t\t\t\tHe Le\u00eddo \t\t\t\t\t\t\t<\/label>\n\t\t\t\t\t\t<div class=\"elementor-field-subgroup  \"><span class=\"elementor-field-option\"><input type=\"checkbox\" value=\"He Le\u00eddo y Acepto la &lt;a href=&quot;https:\/\/rksolutions.es\/politica-de-privacidad\/&quot; onclick=&quot;window.open(this.href,&#039;privacidad&#039;,&#039;width=800,height=600&#039;);return false;&quot;&gt;Pol\u00edtica de Privacidad&lt;\/a&gt;\" id=\"form-field-field_5de6374-0\" name=\"form_fields[field_5de6374]\"> <label for=\"form-field-field_5de6374-0\">He Le\u00eddo y Acepto la <a href=\"https:\/\/rksolutions.es\/politica-de-privacidad\/\" onclick=\"window.open(this.href,'privacidad','width=800,height=600');return false;\">Pol\u00edtica de Privacidad<\/a><\/label><\/span><\/div>\t\t\t\t<\/div>\n\t\t\t\t\t\t\t\t<div class=\"elementor-field-type-recaptcha_v3 elementor-field-group elementor-column elementor-field-group-field_9e00c78 elementor-col-100 recaptcha_v3-bottomright\">\n\t\t\t\t\t<div class=\"elementor-field\" id=\"form-field-field_9e00c78\"><div class=\"elementor-g-recaptcha\" data-sitekey=\"6LdMGDssAAAAAITUSP1FzjFEqUQjz5lhLOUE52Zo\" data-type=\"v3\" data-action=\"Form\" data-badge=\"bottomright\" data-size=\"invisible\"><\/div><\/div>\t\t\t\t<\/div>\n\t\t\t\t\t\t\t\t<div class=\"elementor-field-group elementor-column elementor-field-type-submit elementor-col-50 e-form__buttons\">\n\t\t\t\t\t<button class=\"elementor-button elementor-size-sm\" type=\"submit\">\n\t\t\t\t\t\t<span class=\"elementor-button-content-wrapper\">\n\t\t\t\t\t\t\t\t\t\t\t\t\t\t\t<span class=\"elementor-button-icon\">\n\t\t\t\t\t\t\t\t\t<svg aria-hidden=\"true\" class=\"e-font-icon-svg e-fas-rocket\" viewBox=\"0 0 512 512\" xmlns=\"http:\/\/www.w3.org\/2000\/svg\"><path d=\"M505.12019,19.09375c-1.18945-5.53125-6.65819-11-12.207-12.1875C460.716,0,435.507,0,410.40747,0,307.17523,0,245.26909,55.20312,199.05238,128H94.83772c-16.34763.01562-35.55658,11.875-42.88664,26.48438L2.51562,253.29688A28.4,28.4,0,0,0,0,264a24.00867,24.00867,0,0,0,24.00582,24H127.81618l-22.47457,22.46875c-11.36521,11.36133-12.99607,32.25781,0,45.25L156.24582,406.625c11.15623,11.1875,32.15619,13.15625,45.27726,0l22.47457-22.46875V488a24.00867,24.00867,0,0,0,24.00581,24,28.55934,28.55934,0,0,0,10.707-2.51562l98.72834-49.39063c14.62888-7.29687,26.50776-26.5,26.50776-42.85937V312.79688c72.59753-46.3125,128.03493-108.40626,128.03493-211.09376C512.07526,76.5,512.07526,51.29688,505.12019,19.09375ZM384.04033,168A40,40,0,1,1,424.05,128,40.02322,40.02322,0,0,1,384.04033,168Z\"><\/path><\/svg>\t\t\t\t\t\t\t\t\t\t\t\t\t\t\t\t\t<\/span>\n\t\t\t\t\t\t\t\t\t\t\t\t\t\t\t\t\t\t\t\t\t\t<span class=\"elementor-button-text\">Hablemos ahora<\/span>\n\t\t\t\t\t\t\t\t\t\t\t\t\t<\/span>\n\t\t\t\t\t<\/button>\n\t\t\t\t<\/div>\n\t\t\t<\/div>\n\t\t<\/form>\n\t\t\t\t\t\t<\/div>\n\t\t\t\t<\/div>\n\t\t\t\t\t<\/div>\n\t\t\t\t<\/div>\n\t\t<div class=\"elementor-element elementor-element-99e196f e-flex e-con-boxed e-con e-parent\" data-id=\"99e196f\" data-element_type=\"container\" data-e-type=\"container\">\n\t\t\t\t\t<div class=\"e-con-inner\">\n\t\t<div class=\"elementor-element elementor-element-1807032 e-con-full e-flex e-con e-child\" data-id=\"1807032\" data-element_type=\"container\" data-e-type=\"container\">\n\t\t\t\t<div class=\"elementor-element elementor-element-14b9312 elementor-widget__width-initial elementor-view-default elementor-widget elementor-widget-icon\" data-id=\"14b9312\" data-element_type=\"widget\" data-e-type=\"widget\" data-widget_type=\"icon.default\">\n\t\t\t\t\t\t\t<div class=\"elementor-icon-wrapper\">\n\t\t\t<a class=\"elementor-icon\" href=\"mailto:%20beatrizgar0071000@gmail.com\" target=\"_blank\">\n\t\t\t<svg aria-hidden=\"true\" class=\"e-font-icon-svg e-far-envelope\" viewBox=\"0 0 512 512\" xmlns=\"http:\/\/www.w3.org\/2000\/svg\"><path d=\"M464 64H48C21.49 64 0 85.49 0 112v288c0 26.51 21.49 48 48 48h416c26.51 0 48-21.49 48-48V112c0-26.51-21.49-48-48-48zm0 48v40.805c-22.422 18.259-58.168 46.651-134.587 106.49-16.841 13.247-50.201 45.072-73.413 44.701-23.208.375-56.579-31.459-73.413-44.701C106.18 199.465 70.425 171.067 48 152.805V112h416zM48 400V214.398c22.914 18.251 55.409 43.862 104.938 82.646 21.857 17.205 60.134 55.186 103.062 54.955 42.717.231 80.509-37.199 103.053-54.947 49.528-38.783 82.032-64.401 104.947-82.653V400H48z\"><\/path><\/svg>\t\t\t<\/a>\n\t\t<\/div>\n\t\t\t\t\t\t<\/div>\n\t\t\t\t<div class=\"elementor-element elementor-element-704adef elementor-widget__width-initial elementor-widget elementor-widget-heading\" data-id=\"704adef\" data-element_type=\"widget\" data-e-type=\"widget\" data-widget_type=\"heading.default\">\n\t\t\t\t\t<h4 class=\"elementor-heading-title elementor-size-default\"><a href=\"mailto:%20beatrizgar0071000@gmail.com\" target=\"_blank\">beatrizgar0071000@gmail.com<\/a><\/h4>\t\t\t\t<\/div>\n\t\t\t\t<\/div>\n\t\t<div class=\"elementor-element elementor-element-d065e56 e-con-full e-flex e-con e-child\" data-id=\"d065e56\" data-element_type=\"container\" data-e-type=\"container\">\n\t\t\t\t<div class=\"elementor-element elementor-element-7c0ee9b elementor-widget__width-initial elementor-view-default elementor-widget elementor-widget-icon\" data-id=\"7c0ee9b\" data-element_type=\"widget\" data-e-type=\"widget\" data-widget_type=\"icon.default\">\n\t\t\t\t\t\t\t<div class=\"elementor-icon-wrapper\">\n\t\t\t<a class=\"elementor-icon\" href=\"https:\/\/maps.app.goo.gl\/ezMTdqXZ9UDNFAAZA\" target=\"_blank\">\n\t\t\t<svg aria-hidden=\"true\" class=\"e-font-icon-svg e-fas-map-marker-alt\" viewBox=\"0 0 384 512\" xmlns=\"http:\/\/www.w3.org\/2000\/svg\"><path d=\"M172.268 501.67C26.97 291.031 0 269.413 0 192 0 85.961 85.961 0 192 0s192 85.961 192 192c0 77.413-26.97 99.031-172.268 309.67-9.535 13.774-29.93 13.773-39.464 0zM192 272c44.183 0 80-35.817 80-80s-35.817-80-80-80-80 35.817-80 80 35.817 80 80 80z\"><\/path><\/svg>\t\t\t<\/a>\n\t\t<\/div>\n\t\t\t\t\t\t<\/div>\n\t\t\t\t<div class=\"elementor-element elementor-element-586fc3e elementor-widget__width-initial elementor-widget-mobile__width-initial elementor-widget elementor-widget-heading\" data-id=\"586fc3e\" data-element_type=\"widget\" data-e-type=\"widget\" data-widget_type=\"heading.default\">\n\t\t\t\t\t<h4 class=\"elementor-heading-title elementor-size-default\"><a href=\"https:\/\/maps.app.goo.gl\/ezMTdqXZ9UDNFAAZA\" target=\"_blank\">C. Particular de Arlamendi, 1, 48930 Areeta \/ Las Arenas, Biscay<\/a><\/h4>\t\t\t\t<\/div>\n\t\t\t\t<\/div>\n\t\t<div class=\"elementor-element elementor-element-744986a e-con-full e-flex e-con e-child\" data-id=\"744986a\" data-element_type=\"container\" data-e-type=\"container\">\n\t\t\t\t<div class=\"elementor-element elementor-element-cbc915c elementor-widget__width-initial elementor-view-default elementor-widget elementor-widget-icon\" data-id=\"cbc915c\" data-element_type=\"widget\" data-e-type=\"widget\" data-widget_type=\"icon.default\">\n\t\t\t\t\t\t\t<div class=\"elementor-icon-wrapper\">\n\t\t\t<a class=\"elementor-icon\" href=\"tel:%20656%20780%20071\" target=\"_blank\">\n\t\t\t<svg aria-hidden=\"true\" class=\"e-font-icon-svg e-fas-phone-alt\" viewBox=\"0 0 512 512\" xmlns=\"http:\/\/www.w3.org\/2000\/svg\"><path d=\"M497.39 361.8l-112-48a24 24 0 0 0-28 6.9l-49.6 60.6A370.66 370.66 0 0 1 130.6 204.11l60.6-49.6a23.94 23.94 0 0 0 6.9-28l-48-112A24.16 24.16 0 0 0 122.6.61l-104 24A24 24 0 0 0 0 48c0 256.5 207.9 464 464 464a24 24 0 0 0 23.4-18.6l24-104a24.29 24.29 0 0 0-14.01-27.6z\"><\/path><\/svg>\t\t\t<\/a>\n\t\t<\/div>\n\t\t\t\t\t\t<\/div>\n\t\t\t\t<div class=\"elementor-element elementor-element-211f713 elementor-widget__width-initial elementor-widget elementor-widget-heading\" data-id=\"211f713\" data-element_type=\"widget\" data-e-type=\"widget\" data-widget_type=\"heading.default\">\n\t\t\t\t\t<h4 class=\"elementor-heading-title elementor-size-default\"><a href=\"tel:%20656%20780%20071\" target=\"_blank\">656 780 071<\/a><\/h4>\t\t\t\t<\/div>\n\t\t\t\t<\/div>\n\t\t\t\t\t<\/div>\n\t\t\t\t<\/div>\n\t\t<div class=\"elementor-element elementor-element-be3cf1f e-flex e-con-boxed e-con e-parent\" data-id=\"be3cf1f\" data-element_type=\"container\" data-e-type=\"container\">\n\t\t\t\t\t<div class=\"e-con-inner\">\n\t\t\t\t<div class=\"elementor-element elementor-element-a4ef408 elementor-widget elementor-widget-google_maps\" data-id=\"a4ef408\" data-element_type=\"widget\" data-e-type=\"widget\" data-widget_type=\"google_maps.default\">\n\t\t\t\t\t\t\t<div class=\"elementor-custom-embed\">\n\t\t\t<iframe loading=\"lazy\"\n\t\t\t\t\tsrc=\"https:\/\/maps.google.com\/maps?q=Eligeme&#038;t=m&#038;z=12&#038;output=embed&#038;iwloc=near\"\n\t\t\t\t\ttitle=\"Eligeme\"\n\t\t\t\t\taria-label=\"Eligeme\"\n\t\t\t><\/iframe>\n\t\t<\/div>\n\t\t\t\t\t\t<\/div>\n\t\t\t\t\t<\/div>\n\t\t\t\t<\/div>\n\t\t\t\t<\/div>\n\t\t","protected":false},"excerpt":{"rendered":"<p>Cont\u00e1ctanos Cont\u00e1ctanos para obtener ayuda o hacer comentarios. Nuestro equipo est\u00e1 dedicado a mejorar tu experiencia. \u00bfTienes un reto? Nosotros, la soluci\u00f3n. Completa el formulario y te contactaremos muy pronto. beatrizgar0071000@gmail.com C. Particular de Arlamendi, 1, 48930 Areeta \/ Las Arenas, Biscay 656 780 071<\/p>","protected":false},"author":1,"featured_media":0,"parent":0,"menu_order":0,"comment_status":"closed","ping_status":"closed","template":"elementor_canvas","meta":{"footnotes":""},"class_list":["post-6","page","type-page","status-publish","hentry"],"yoast_head":"<!-- This site is optimized with the Yoast SEO plugin v27.3 - https:\/\/yoast.com\/product\/yoast-seo-wordpress\/ -->\n<title>Contacto - Eligeme<\/title>\n<meta name=\"robots\" content=\"index, follow, max-snippet:-1, max-image-preview:large, max-video-preview:-1\" \/>\n<link rel=\"canonical\" href=\"https:\/\/eligemecontinuamente.com\/eu\/contacto\/\" \/>\n<meta property=\"og:locale\" content=\"en_US\" \/>\n<meta property=\"og:type\" content=\"article\" \/>\n<meta property=\"og:title\" content=\"Contacto - Eligeme\" \/>\n<meta property=\"og:description\" content=\"Cont\u00e1ctanos Cont\u00e1ctanos para obtener ayuda o hacer comentarios. Nuestro equipo est\u00e1 dedicado a mejorar tu experiencia. \u00bfTienes un reto? Nosotros, la soluci\u00f3n. Completa el formulario y te contactaremos muy pronto. beatrizgar0071000@gmail.com C. Particular de Arlamendi, 1, 48930 Areeta \/ Las Arenas, Biscay 656 780 071\" \/>\n<meta property=\"og:url\" content=\"https:\/\/eligemecontinuamente.com\/eu\/contacto\/\" \/>\n<meta property=\"og:site_name\" content=\"Eligeme\" \/>\n<meta property=\"article:modified_time\" content=\"2025-12-23T16:25:27+00:00\" \/>\n<meta name=\"twitter:card\" content=\"summary_large_image\" \/>\n<meta name=\"twitter:label1\" content=\"Est. reading time\" \/>\n\t<meta name=\"twitter:data1\" content=\"1 minutua\" \/>\n<script type=\"application\/ld+json\" class=\"yoast-schema-graph\">{\"@context\":\"https:\\\/\\\/schema.org\",\"@graph\":[{\"@type\":\"WebPage\",\"@id\":\"https:\\\/\\\/eligemecontinuamente.com\\\/contacto\\\/\",\"url\":\"https:\\\/\\\/eligemecontinuamente.com\\\/contacto\\\/\",\"name\":\"Contacto - Eligeme\",\"isPartOf\":{\"@id\":\"https:\\\/\\\/eligemecontinuamente.com\\\/#website\"},\"datePublished\":\"2025-12-22T16:41:53+00:00\",\"dateModified\":\"2025-12-23T16:25:27+00:00\",\"breadcrumb\":{\"@id\":\"https:\\\/\\\/eligemecontinuamente.com\\\/contacto\\\/#breadcrumb\"},\"inLanguage\":\"eu\",\"potentialAction\":[{\"@type\":\"ReadAction\",\"target\":[\"https:\\\/\\\/eligemecontinuamente.com\\\/contacto\\\/\"]}]},{\"@type\":\"BreadcrumbList\",\"@id\":\"https:\\\/\\\/eligemecontinuamente.com\\\/contacto\\\/#breadcrumb\",\"itemListElement\":[{\"@type\":\"ListItem\",\"position\":1,\"name\":\"Portada\",\"item\":\"https:\\\/\\\/eligemecontinuamente.com\\\/\"},{\"@type\":\"ListItem\",\"position\":2,\"name\":\"Contacto\"}]},{\"@type\":\"WebSite\",\"@id\":\"https:\\\/\\\/eligemecontinuamente.com\\\/#website\",\"url\":\"https:\\\/\\\/eligemecontinuamente.com\\\/\",\"name\":\"Eligeme\",\"description\":\"Eligeme\",\"publisher\":{\"@id\":\"https:\\\/\\\/eligemecontinuamente.com\\\/#organization\"},\"potentialAction\":[{\"@type\":\"SearchAction\",\"target\":{\"@type\":\"EntryPoint\",\"urlTemplate\":\"https:\\\/\\\/eligemecontinuamente.com\\\/?s={search_term_string}\"},\"query-input\":{\"@type\":\"PropertyValueSpecification\",\"valueRequired\":true,\"valueName\":\"search_term_string\"}}],\"inLanguage\":\"eu\"},{\"@type\":\"Organization\",\"@id\":\"https:\\\/\\\/eligemecontinuamente.com\\\/#organization\",\"name\":\"Eligeme\",\"url\":\"https:\\\/\\\/eligemecontinuamente.com\\\/\",\"logo\":{\"@type\":\"ImageObject\",\"inLanguage\":\"eu\",\"@id\":\"https:\\\/\\\/eligemecontinuamente.com\\\/#\\\/schema\\\/logo\\\/image\\\/\",\"url\":\"https:\\\/\\\/eligemecontinuamente.com\\\/wp-content\\\/uploads\\\/2025\\\/12\\\/cropped-logo_web-scaled-1.png\",\"contentUrl\":\"https:\\\/\\\/eligemecontinuamente.com\\\/wp-content\\\/uploads\\\/2025\\\/12\\\/cropped-logo_web-scaled-1.png\",\"width\":2559,\"height\":2137,\"caption\":\"Eligeme\"},\"image\":{\"@id\":\"https:\\\/\\\/eligemecontinuamente.com\\\/#\\\/schema\\\/logo\\\/image\\\/\"}}]}<\/script>\n<!-- \/ Yoast SEO plugin. -->","yoast_head_json":{"title":"Contacto - Eligeme","robots":{"index":"index","follow":"follow","max-snippet":"max-snippet:-1","max-image-preview":"max-image-preview:large","max-video-preview":"max-video-preview:-1"},"canonical":"https:\/\/eligemecontinuamente.com\/eu\/contacto\/","og_locale":"en_US","og_type":"article","og_title":"Contacto - Eligeme","og_description":"Cont\u00e1ctanos Cont\u00e1ctanos para obtener ayuda o hacer comentarios. Nuestro equipo est\u00e1 dedicado a mejorar tu experiencia. \u00bfTienes un reto? Nosotros, la soluci\u00f3n. Completa el formulario y te contactaremos muy pronto. beatrizgar0071000@gmail.com C. Particular de Arlamendi, 1, 48930 Areeta \/ Las Arenas, Biscay 656 780 071","og_url":"https:\/\/eligemecontinuamente.com\/eu\/contacto\/","og_site_name":"Eligeme","article_modified_time":"2025-12-23T16:25:27+00:00","twitter_card":"summary_large_image","twitter_misc":{"Est. reading time":"1 minutua"},"schema":{"@context":"https:\/\/schema.org","@graph":[{"@type":"WebPage","@id":"https:\/\/eligemecontinuamente.com\/contacto\/","url":"https:\/\/eligemecontinuamente.com\/contacto\/","name":"Contacto - Eligeme","isPartOf":{"@id":"https:\/\/eligemecontinuamente.com\/#website"},"datePublished":"2025-12-22T16:41:53+00:00","dateModified":"2025-12-23T16:25:27+00:00","breadcrumb":{"@id":"https:\/\/eligemecontinuamente.com\/contacto\/#breadcrumb"},"inLanguage":"eu","potentialAction":[{"@type":"ReadAction","target":["https:\/\/eligemecontinuamente.com\/contacto\/"]}]},{"@type":"BreadcrumbList","@id":"https:\/\/eligemecontinuamente.com\/contacto\/#breadcrumb","itemListElement":[{"@type":"ListItem","position":1,"name":"Portada","item":"https:\/\/eligemecontinuamente.com\/"},{"@type":"ListItem","position":2,"name":"Contacto"}]},{"@type":"WebSite","@id":"https:\/\/eligemecontinuamente.com\/#website","url":"https:\/\/eligemecontinuamente.com\/","name":"Eligeme","description":"Eligeme","publisher":{"@id":"https:\/\/eligemecontinuamente.com\/#organization"},"potentialAction":[{"@type":"SearchAction","target":{"@type":"EntryPoint","urlTemplate":"https:\/\/eligemecontinuamente.com\/?s={search_term_string}"},"query-input":{"@type":"PropertyValueSpecification","valueRequired":true,"valueName":"search_term_string"}}],"inLanguage":"eu"},{"@type":"Organization","@id":"https:\/\/eligemecontinuamente.com\/#organization","name":"Eligeme","url":"https:\/\/eligemecontinuamente.com\/","logo":{"@type":"ImageObject","inLanguage":"eu","@id":"https:\/\/eligemecontinuamente.com\/#\/schema\/logo\/image\/","url":"https:\/\/eligemecontinuamente.com\/wp-content\/uploads\/2025\/12\/cropped-logo_web-scaled-1.png","contentUrl":"https:\/\/eligemecontinuamente.com\/wp-content\/uploads\/2025\/12\/cropped-logo_web-scaled-1.png","width":2559,"height":2137,"caption":"Eligeme"},"image":{"@id":"https:\/\/eligemecontinuamente.com\/#\/schema\/logo\/image\/"}}]}},"_links":{"self":[{"href":"https:\/\/eligemecontinuamente.com\/eu\/wp-json\/wp\/v2\/pages\/6","targetHints":{"allow":["GET"]}}],"collection":[{"href":"https:\/\/eligemecontinuamente.com\/eu\/wp-json\/wp\/v2\/pages"}],"about":[{"href":"https:\/\/eligemecontinuamente.com\/eu\/wp-json\/wp\/v2\/types\/page"}],"author":[{"embeddable":true,"href":"https:\/\/eligemecontinuamente.com\/eu\/wp-json\/wp\/v2\/users\/1"}],"replies":[{"embeddable":true,"href":"https:\/\/eligemecontinuamente.com\/eu\/wp-json\/wp\/v2\/comments?post=6"}],"version-history":[{"count":55,"href":"https:\/\/eligemecontinuamente.com\/eu\/wp-json\/wp\/v2\/pages\/6\/revisions"}],"predecessor-version":[{"id":465,"href":"https:\/\/eligemecontinuamente.com\/eu\/wp-json\/wp\/v2\/pages\/6\/revisions\/465"}],"wp:attachment":[{"href":"https:\/\/eligemecontinuamente.com\/eu\/wp-json\/wp\/v2\/media?parent=6"}],"curies":[{"name":"wp","href":"https:\/\/api.w.org\/{rel}","templated":true}]}}